{"id":881,"date":"2018-05-29T11:11:20","date_gmt":"2018-05-29T11:11:20","guid":{"rendered":"http:\/\/xtratheme.com\/default\/?page_id=7"},"modified":"2025-08-29T19:22:00","modified_gmt":"2025-08-29T19:22:00","slug":"agb","status":"publish","type":"page","link":"https:\/\/www.ec-corporate.de\/en\/agb\/","title":{"rendered":"Terms of Service"},"content":{"rendered":"<div data-elementor-type=\"wp-page\" data-elementor-id=\"881\" class=\"elementor elementor-881\">\n\t\t\t\t\t\t\t\t\t<section class=\"elementor-section elementor-top-section elementor-element elementor-element-bee75df elementor-section-boxed elementor-section-height-default elementor-section-height-default\" data-id=\"bee75df\" data-element_type=\"section\">\n\t\t\t\t\t\t<div class=\"elementor-container elementor-column-gap-default\">\n\t\t\t\t\t<div class=\"elementor-column elementor-col-100 elementor-top-column elementor-element elementor-element-a61016d\" data-id=\"a61016d\" data-element_type=\"column\">\n\t\t\t<div class=\"elementor-widget-wrap elementor-element-populated\">\n\t\t\t\t\t\t\t\t<div class=\"elementor-element elementor-element-f1a62c4 elementor-widget elementor-widget-cz_gap\" data-id=\"f1a62c4\" data-element_type=\"widget\" data-widget_type=\"cz_gap.default\">\n\t\t\t\t<div class=\"elementor-widget-container\">\n\t\t\t<div class=\"cz_gap clr\"><\/div>\t\t<\/div>\n\t\t\t\t<\/div>\n\t\t\t\t<div class=\"elementor-element elementor-element-ed5de0a elementor-widget elementor-widget-cz_title\" data-id=\"ed5de0a\" data-element_type=\"widget\" data-widget_type=\"cz_title.default\">\n\t\t\t\t<div class=\"elementor-widget-container\">\n\t\t\t\t\r\n\t\t<div>\r\n\t\t\t<div class=\"cz_title clr cz_smart_fs cz_title_pos_inline tac\"><div class=\"cz_title_content\"><span class=\"cz_line_side_solo\">_<\/span><div class=\"cz_wpe_content\"><h3 style=\"text-align: center;\"><span style=\"font-size: 36px;\">Terms of <span style=\"color: #02696f;\">Service<\/span><\/span><\/h3><p style=\"text-align: center;\"><span style=\"font-size: 18px; color: #aaaaaa;\">CB CORPORATE TRUCKS<\/span><\/p><\/div><span class=\"cz_line_side_solo cz_line_side_after\">_<\/span><\/div><\/div>\r\n\t\t<\/div>\r\n\t\t\r\n\t\t\t\t<\/div>\n\t\t\t\t<\/div>\n\t\t\t\t<div class=\"elementor-element elementor-element-cafb0d6 elementor-widget elementor-widget-cz_gap\" data-id=\"cafb0d6\" data-element_type=\"widget\" data-widget_type=\"cz_gap.default\">\n\t\t\t\t<div class=\"elementor-widget-container\">\n\t\t\t<div class=\"cz_gap clr\"><\/div>\t\t<\/div>\n\t\t\t\t<\/div>\n\t\t\t\t\t<\/div>\n\t\t<\/div>\n\t\t\t\t\t\t\t<\/div>\n\t\t<\/section>\n\t\t\t\t<section class=\"elementor-section elementor-top-section elementor-element elementor-element-165879a elementor-section-boxed elementor-section-height-default elementor-section-height-default\" data-id=\"165879a\" data-element_type=\"section\">\n\t\t\t\t\t\t<div class=\"elementor-container elementor-column-gap-default\">\n\t\t\t\t\t<div class=\"elementor-column elementor-col-100 elementor-top-column elementor-element elementor-element-9c7c617\" data-id=\"9c7c617\" data-element_type=\"column\">\n\t\t\t<div class=\"elementor-widget-wrap elementor-element-populated\">\n\t\t\t\t\t\t\t\t<div class=\"elementor-element elementor-element-674efe4 elementor-widget elementor-widget-cz_title\" data-id=\"674efe4\" data-element_type=\"widget\" data-widget_type=\"cz_title.default\">\n\t\t\t\t<div class=\"elementor-widget-container\">\n\t\t\t\t\r\n\t\t<div>\r\n\t\t\t<div class=\"cz_title clr cz_mobile_text_center cz_title_pos_inline\"><div class=\"cz_title_content\"><div class=\"cz_wpe_content\"><p><strong><span style=\"font-size: 18px; color: #666666;\">General terms and conditions for used motor vehicles<\/span><\/strong><\/p><\/div><\/div><\/div>\r\n\t\t<\/div>\r\n\t\t\r\n\t\t\t\t<\/div>\n\t\t\t\t<\/div>\n\t\t\t\t<div class=\"elementor-element elementor-element-06544a0 elementor-widget elementor-widget-cz_title\" data-id=\"06544a0\" data-element_type=\"widget\" data-widget_type=\"cz_title.default\">\n\t\t\t\t<div class=\"elementor-widget-container\">\n\t\t\t\t\r\n\t\t<div>\r\n\t\t\t<div class=\"cz_title clr cz_mobile_text_center cz_title_pos_inline\"><div class=\"cz_title_content\"><div class=\"cz_wpe_content\"><p>Allgemeine Gesch\u00e4ftsbedingungen (AGB)<br \/>f\u00fcr den Verkauf und Ankauf gebrauchter Nutzfahrzeuge (B2B)<br \/>I. Geltungsbereich und Vertragsgegenstand<br \/>1. Diese Allgemeinen Gesch\u00e4ftsbedingungen gelten ausschlie\u00dflich gegen\u00fcber Unternehmern im Sinne des \u00a7 14 BGB.<br \/>Mit Verbrauchern werden keine Vertr\u00e4ge geschlossen.<br \/>2. Vertragsgegenstand ist der Verkauf gebrauchter Nutzfahrzeuge.<br \/>3. Fahrzeuge werden im Ist-Zustand, wie besichtigt, probegefahren und getestet, verkauft.<br \/>II. Vertragsschluss \/ Angebote<br \/>1. Angebote, Proforma-Rechnungen und Rechnungen des Verk\u00e4ufers sind, sofern nicht ausdr\u00fccklich anders<br \/>angegeben, nur 24 Stunden g\u00fcltig. Erfolgt innerhalb dieser Frist kein vollst\u00e4ndiger Zahlungseingang, verlieren diese<br \/>ihre G\u00fcltigkeit.<br \/>2. Ein Kaufvertrag kommt ausschlie\u00dflich durch schriftliche Annahme oder Lieferung zustande.<br \/>3. Handels\u00fcbliche Abweichungen sind zul\u00e4ssig, soweit sie den K\u00e4ufer nicht unzumutbar benachteiligen.<br \/>III. Kaufpreis \/ Zahlungsbedingungen<br \/>1. Preise verstehen sich ab Standort des Fahrzeugs, netto zzgl. der jeweils geltenden Umsatzsteuer.<br \/>2. Nebenkosten (Transport, \u00dcberf\u00fchrung, Zoll etc.) tr\u00e4gt der K\u00e4ufer.<br \/>3. Der Kaufpreis ist \u2013 sofern nicht anders vereinbart \u2013 innerhalb von 10 Tagen nach Rechnungsstellung f\u00e4llig.<br \/>4. Bei Verzug ist der Verk\u00e4ufer berechtigt, Verzugszinsen (5 % \u00fcber Basiszinssatz) zu berechnen und das Fahrzeug<br \/>anderweitig zu ver\u00e4u\u00dfern.<br \/>IV. Abnahme \/ Standgeb\u00fchren<br \/>1. Der K\u00e4ufer ist verpflichtet, das Fahrzeug innerhalb von 10 Tagen nach Bereitstellungsanzeige abzunehmen.<br \/>2. Erfolgt keine Abnahme, ist der Verk\u00e4ufer berechtigt, Standgeb\u00fchren in H\u00f6he von 10 \u20ac pro Tag sowie Verzugszinsen<br \/>(5 % \u00fcber Basiszinssatz) zu verlangen.<br \/>3. Ab Bereitstellung tr\u00e4gt der K\u00e4ufer das volle Risiko f\u00fcr Sch\u00e4den (z. B. Hagel, Vandalismus, Diebstahl).<br \/>V. Retention of title<br \/>1. Bis zur vollst\u00e4ndigen Zahlung bleibt das Fahrzeug Eigentum des Verk\u00e4ufers.<br \/>2. Der Verk\u00e4ufer beh\u00e4lt bis dahin die Zulassungsbescheinigung Teil II.<br \/>3. Der K\u00e4ufer darf das Fahrzeug w\u00e4hrend des Eigentumsvorbehalts nicht ver\u00e4u\u00dfern oder Dritten Nutzungsrechte<br \/>einr\u00e4umen.<br \/>4. Kosten der R\u00fccknahme tr\u00e4gt der K\u00e4ufer; pauschal 5 % des Verwertungserl\u00f6ses, vorbehaltlich h\u00f6herer oder<br \/>niedrigerer Nachweise.<br \/>VI. Sachm\u00e4ngel \/ Gew\u00e4hrleistung<br \/>1. Der Verkauf erfolgt unter Ausschluss jeglicher Sachm\u00e4ngelhaftung.<br \/>2. Der K\u00e4ufer ist verpflichtet, das Fahrzeug unverz\u00fcglich nach \u00dcbergabe zu untersuchen und erkennbare M\u00e4ngel<br \/>innerhalb von 5 Werktagen schriftlich zu r\u00fcgen (\u00a7\u00a7 377, 381 HGB).<br \/>3. Bei versp\u00e4teter R\u00fcge gilt die Ware als genehmigt.<br \/>4. M\u00fcndliche Nebenabreden sind unwirksam.<br \/>VII. Liability<br \/>1. Haftung des Verk\u00e4ufers ist ausgeschlossen, soweit nicht Vorsatz oder grobe Fahrl\u00e4ssigkeit vorliegt.<br \/>2. Unber\u00fchrt bleibt die Haftung bei Arglist, Garantie, Verletzung von Leben, K\u00f6rper oder Gesundheit sowie nach dem<br \/>Produkthaftungsgesetz.<br \/>3. Pers\u00f6nliche Haftung von Erf\u00fcllungsgehilfen\/Mitarbeitern f\u00fcr leichte Fahrl\u00e4ssigkeit ist ausgeschlossen.<br \/>VIII. Lieferung \/ Transport \/ \u00dcberf\u00fchrung<br \/>1. Lieferung und \u00dcberf\u00fchrung erfolgen auf Gefahr und Kosten des K\u00e4ufers.<br \/>2. Die Gefahr geht mit \u00dcbergabe an Spediteur, Frachtf\u00fchrer oder sonstige Transportpersonen auf den K\u00e4ufer \u00fcber.<br \/>3. Erfolgt \u00dcberf\u00fchrung durch Mitarbeiter des Verk\u00e4ufers, gilt dasselbe.<br \/>4. Versicherung erfolgt nur auf ausdr\u00fccklichen Wunsch und Kosten des K\u00e4ufers.<br \/>IX. Export \/ Kaution \/ Umsatzsteuer<br \/>1. Bei Verk\u00e4ufen ins EU-Ausland oder in Drittl\u00e4nder wird der Kaufpreis zun\u00e4chst zzgl. deutscher Umsatzsteuer<br \/>berechnet.<br \/>2. Der K\u00e4ufer muss alle erforderlichen Nachweise (z. B. Gelangensbest\u00e4tigung, Ausfuhrpapiere, Frachtbelege)<br \/>vollst\u00e4ndig und fristgerecht einreichen.<br \/>3. Der Verk\u00e4ufer ist berechtigt, eine Kaution in H\u00f6he der Umsatzsteuer einzubehalten.<br \/>4. Nach Vorlage der Nachweise wird die Kaution zur\u00fcckerstattet.<br \/>5. Erfolgt die Vorlage nicht, ist der Verk\u00e4ufer berechtigt, die Kaution einzubehalten und zus\u00e4tzlich eine<br \/>Bearbeitungsgeb\u00fchr von mindestens 10 % der nachzuzahlenden Umsatzsteuer zu erheben.<br \/>X. Anzahlungen \/ Restzahlungen<br \/>1. Anzahlungen m\u00fcssen innerhalb von 14 Tagen durch die Restzahlung erg\u00e4nzt werden.<br \/>2. Erfolgt keine vollst\u00e4ndige Zahlung, kann der Verk\u00e4ufer Standgeb\u00fchren verlangen, nach Nachfrist vom Vertrag<br \/>zur\u00fccktreten und das Fahrzeug anderweitig verkaufen.<br \/>3. In diesem Fall ist der Verk\u00e4ufer berechtigt, die Anzahlung als pauschalen Kostenersatz einzubehalten.<br \/>XI. Reservierungen<br \/>1. Reservierungen sind nur in Schriftform wirksam. M\u00fcndliche Reservierungen sind unverbindlich.<br \/>2. Reservierungen gelten, sofern keine andere Uhrzeit vereinbart wurde, bis 12:00 Uhr am Reservierungstag. Danach<br \/>erl\u00f6schen sie automatisch.<br \/>3. Erfolgt keine Abnahme, ist der Verk\u00e4ufer berechtigt, mindestens 10 % des Kaufpreises zuz\u00fcglich der geleisteten<br \/>Anzahlung als Schadensersatz einzubehalten.<br \/>4. Weitergehende Anspr\u00fcche (z. B. Standgeld, h\u00f6herer Schaden) bleiben unber\u00fchrt.<br \/>XII. Ankauf durch den H\u00e4ndler \/ Unterlagenpflicht<br \/>1. Beim Ankauf von Fahrzeugen durch den Verk\u00e4ufer (H\u00e4ndler) ist der Vertragspartner verpflichtet, alle zum Fahrzeug<br \/>geh\u00f6renden Unterlagen (Zulassungsbescheinigungen, COC, Ausfuhrpapiere etc.) innerhalb von 7 Kalendertagen<br \/>nach Zahlungseingang beim Verk\u00e4ufer einzureichen.<br \/>2. Erfolgt die \u00dcbergabe der Unterlagen nicht fristgerecht, ist der Verk\u00e4ufer berechtigt, eine Vertragsstrafe von<br \/>mindestens 10 % des Kaufpreises zu verlangen.<br \/>3. Weitergehende Schadensersatzanspr\u00fcche (z. B. entgangene Verk\u00e4ufe, Standtage) bleiben unber\u00fchrt.<br \/>XIII. Probefahrten mit roten H\u00e4ndlerkennzeichen<br \/>1. Probefahrten mit roten H\u00e4ndlerkennzeichen erfolgen ausschlie\u00dflich auf Risiko des K\u00e4ufers\/Fahrers.<br \/>2. Der K\u00e4ufer\/Fahrer haftet f\u00fcr s\u00e4mtliche Sch\u00e4den, Unf\u00e4lle, Pannen, Bu\u00dfgelder oder sonstige Kosten w\u00e4hrend der<br \/>Probefahrt.<br \/>3. F\u00fcr Sch\u00e4den am Fahrzeug oder aus der Probefahrt resultierende Anspr\u00fcche gilt eine Selbstbeteiligung von<br \/>mindestens 2.500 \u20ac pro Schadensfall.<br \/>4. Der K\u00e4ufer\/Fahrer stellt den Verk\u00e4ufer von Anspr\u00fcchen Dritter frei.<br \/>5. Haftung des Verk\u00e4ufers besteht nur bei Vorsatz oder grober Fahrl\u00e4ssigkeit.<br \/>XIV. Aufrechnung \/ Zur\u00fcckbehaltungsrecht<br \/>Der K\u00e4ufer darf nur mit unbestrittenen oder rechtskr\u00e4ftig festgestellten Forderungen aufrechnen oder Zahlungen<br \/>zur\u00fcckbehalten.<br \/>XV. H\u00f6here Gewalt<br \/>Der Verk\u00e4ufer haftet nicht f\u00fcr Lieferverz\u00f6gerungen oder Leistungsausf\u00e4lle aufgrund h\u00f6herer Gewalt (z. B.<br \/>Naturkatastrophen, Pandemien, Streiks, beh\u00f6rdliche Ma\u00dfnahmen), die au\u00dferhalb seines Einflussbereichs liegen.<br \/>XVI. Erf\u00fcllungsort \/ Gerichtsstand \/ Recht<br \/>1. Erf\u00fcllungsort f\u00fcr s\u00e4mtliche Leistungen ist der Sitz des Verk\u00e4ufers.<br \/>2. Gerichtsstand f\u00fcr alle Streitigkeiten ist der Sitz des Verk\u00e4ufers.<br \/>3. Es gilt ausschlie\u00dflich deutsches Recht.<\/p><\/div><\/div><\/div>\r\n\t\t<\/div>\r\n\t\t\r\n\t\t\t\t<\/div>\n\t\t\t\t<\/div>\n\t\t\t\t<div class=\"elementor-element elementor-element-e0e0d6c elementor-widget elementor-widget-cz_title\" data-id=\"e0e0d6c\" data-element_type=\"widget\" data-widget_type=\"cz_title.default\">\n\t\t\t\t<div class=\"elementor-widget-container\">\n\t\t\t\t\r\n\t\t<div>\r\n\t\t\t<div class=\"cz_title clr cz_mobile_text_center cz_title_pos_inline\"><div class=\"cz_title_content\"><div class=\"cz_wpe_content\"><\/div><\/div><\/div>\r\n\t\t<\/div>\r\n\t\t\r\n\t\t\t\t<\/div>\n\t\t\t\t<\/div>\n\t\t\t\t\t<\/div>\n\t\t<\/div>\n\t\t\t\t\t\t\t<\/div>\n\t\t<\/section>\n\t\t\t\t\t\t\t<\/div>","protected":false},"excerpt":{"rendered":"<p>_ Allgemeine Gesch\u00e4ftsbedingungen CB CORPORATE TRUCKS _ Allgemeine Gesch\u00e4ftsbedingungen f\u00fcr gebrauchte &#8230; <\/p>","protected":false},"author":1,"featured_media":0,"parent":0,"menu_order":0,"comment_status":"closed","ping_status":"closed","template":"","meta":{"footnotes":""},"class_list":["post-881","page","type-page","status-publish","hentry"],"_links":{"self":[{"href":"https:\/\/www.ec-corporate.de\/en\/wp-json\/wp\/v2\/pages\/881","targetHints":{"allow":["GET"]}}],"collection":[{"href":"https:\/\/www.ec-corporate.de\/en\/wp-json\/wp\/v2\/pages"}],"about":[{"href":"https:\/\/www.ec-corporate.de\/en\/wp-json\/wp\/v2\/types\/page"}],"author":[{"embeddable":true,"href":"https:\/\/www.ec-corporate.de\/en\/wp-json\/wp\/v2\/users\/1"}],"replies":[{"embeddable":true,"href":"https:\/\/www.ec-corporate.de\/en\/wp-json\/wp\/v2\/comments?post=881"}],"version-history":[{"count":47,"href":"https:\/\/www.ec-corporate.de\/en\/wp-json\/wp\/v2\/pages\/881\/revisions"}],"predecessor-version":[{"id":2152,"href":"https:\/\/www.ec-corporate.de\/en\/wp-json\/wp\/v2\/pages\/881\/revisions\/2152"}],"wp:attachment":[{"href":"https:\/\/www.ec-corporate.de\/en\/wp-json\/wp\/v2\/media?parent=881"}],"curies":[{"name":"wp","href":"https:\/\/api.w.org\/{rel}","templated":true}]}}